{"id":156838,"date":"2024-09-13T21:39:12","date_gmt":"2024-09-14T01:39:12","guid":{"rendered":"https:\/\/www.vignoblegemeaux.ca\/politique-de-confidentialite\/"},"modified":"2024-09-16T17:53:59","modified_gmt":"2024-09-16T21:53:59","slug":"privacy-policy","status":"publish","type":"page","link":"https:\/\/www.vignoblegemeaux.ca\/en\/privacy-policy\/","title":{"rendered":"Privacy policy"},"content":{"rendered":"<p>The purpose of this privacy policy is to inform users of our site <a href=\"https:\/\/www.vignoblegemeaux.ca\/en\/\">https:\/\/www.vignoblegemeaux.ca\/en\/<\/a> about the personal data we collect and how we use it.<\/p>\n<p>Vignoble Les G\u00e9meaux complies strictly with Quebec&#8217;s Bill 25 regarding the protection of personal information.<\/p>\n<p>This privacy policy also details our commitment and the measures taken to ensure the security of your personal information:<\/p>\n<ol>\n<li>Types of personal data collected<\/li>\n<li>Use of personal data collected<\/li>\n<li>Data security protocols<\/li>\n<li>Your rights<\/li>\n<\/ol>\n<p><strong>\u00a0<\/strong><\/p>\n<h2><strong>Types of personal information collected<\/strong><\/h2>\n<p><strong>Data collected automatically<\/strong><\/p>\n<p>When you visit https:\/\/www.vignoblegemeaux.ca\/en\/, we automatically collect information about your device and your interaction with our site via the Google Analytics tool.<\/p>\n<p>This includes the following data:<\/p>\n<ul>\n<li>IP Address<\/li>\n<li>Location<\/li>\n<li>Hardware and software details<\/li>\n<li>Content the user views on our site<\/li>\n<li>Links a user clicks on while visiting the site<\/li>\n<\/ul>\n<p><strong>\u00a0<\/strong><\/p>\n<p><strong>Personal data not collected automatically<\/strong><\/p>\n<p>Your personal data is collected via :<\/p>\n<ul>\n<li>Contact form<\/li>\n<li>Order form<\/li>\n<li>Create an account<\/li>\n<\/ul>\n<p>&nbsp;<\/p>\n<p>This includes the following data:<\/p>\n<ul>\n<li>First name<\/li>\n<li>Last Name<\/li>\n<li>Mailing address<\/li>\n<li>E-mail address<\/li>\n<li>Cell phone number<\/li>\n<li>Password for your account on our site<\/li>\n<li>Payment information<\/li>\n<\/ul>\n<p><strong>\u00a0<\/strong><\/p>\n<p><strong>Use of personal information collected<\/strong><\/p>\n<p>Please note that we only collect data that helps us achieve the purpose stated in this privacy policy. We will not collect any additional data without informing you first.<\/p>\n<p>We use this data to:<\/p>\n<ul>\n<li>Send promotional offers and targeted communications via our newsletter<\/li>\n<li>Perform statistical analyses to improve the site<\/li>\n<li>Track orders<\/li>\n<li>As part of a data security protocol<\/li>\n<\/ul>\n<p><strong>\u00a0<\/strong><\/p>\n<p><strong>Safety measures<\/strong><\/p>\n<p>Your data is stored in a secure, controlled environment. We use SSL protocols and robust security measures to prevent unauthorized access.<\/p>\n<p>We will not sell or share your data with third parties except as required by law or in the event of legal proceedings.<\/p>\n<p>We may disclose to any member of our organization such user data as they reasonably require to carry out the purposes set out in this policy.<\/p>\n<p>&nbsp;<\/p>\n<p><strong>International transfer<\/strong><\/p>\n<p>User data may be consulted, processed or collected in the following countries:<\/p>\n<ul>\n<li>Canada<\/li>\n<\/ul>\n<p>&nbsp;<\/p>\n<p><strong>Duration of use of personal data<\/strong><\/p>\n<p>We store personal data for a period of 6 years. We will ensure that users are notified if their data is stored for longer than this period.<\/p>\n<p>&nbsp;<\/p>\n<p><strong>In the event of a data leak<\/strong><\/p>\n<p>In the event of a leak of your personal data, we undertake to keep you and the <em>Commission d&#8217;Acc\u00e8s \u00e0 l&#8217;Information du Qu\u00e9bec<\/em> informed.<\/p>\n<p>&nbsp;<\/p>\n<h2><strong>Your rights <\/strong><\/h2>\n<p><strong>User rights<\/strong><\/p>\n<p>If you are a resident of Quebec, in accordance with Bill 25, you have specific rights regarding your personal data:<\/p>\n<ul>\n<li>Right to be informed<\/li>\n<li>Right of access<\/li>\n<li>Right to rectification<\/li>\n<li>Right to data portability<\/li>\n<\/ul>\n<p>You have the right to object to the use of your data and to withdraw it.<\/p>\n<p>To exercise these rights, please contact our Data Protection Officer:<\/p>\n<ul>\n<li>Address: 766, chemin de la Premi\u00e8re concession, Hinchinbrooke (Qu\u00e9bec) J0S 1A0<\/li>\n<li>Email: <a href=\"mailto:vignoblegemeaux@gmail.com\">vignoblegemeaux@gmail.com<\/a><\/li>\n<li>Telephone: 514-349-3061<\/li>\n<li>Website\u00a0: https:\/\/www.vignoblegemeaux.ca\/en<\/li>\n<\/ul>\n<p><strong>\u00a0<\/strong><\/p>\n<p><strong>Right of access and rectification<\/strong><\/p>\n<p>You may consult, modify or delete your data. To do so, please use the same contact details as above.<\/p>\n<p>&nbsp;<\/p>\n<p><strong>Consent and withdrawal<\/strong><\/p>\n<p>You can visit our site without revealing your identity. However, some features require the collection of personal data. You always have the choice not to provide this information.<\/p>\n<p>&nbsp;<\/p>\n<p><strong>Minors<\/strong><\/p>\n<p>Bill 25 specifies that persons under the age of 14 are considered minors for the purposes of data collection. Their personal information may not be collected from them without the consent of the holder of parental authority or guardian, except where such collection is clearly for the benefit of the minor.<\/p>\n<p>&nbsp;<\/p>\n<p><strong>External links<\/strong><\/p>\n<p>Our site may contain links to other websites. We are not responsible for their privacy practices.<\/p>\n<p>&nbsp;<\/p>\n<p><strong>Contact<\/strong><\/p>\n<p>Our privacy policy was last updated on 09\/16\/2024. If you have any questions about this privacy policy, you can contact us via <a href=\"mailto:vignoblegemeaux@gmail.com\">vignoblegemeaux@gmail.com<\/a>.<\/p>\n<p>By using our site <a href=\"https:\/\/www.vignoblegemeaux.ca\/en\">https:\/\/www.vignoblegemeaux.ca\/en<\/a>, you agree to the terms of this privacy policy.<\/p>\n<p>&nbsp;<\/p>\n<p style=\"text-align: center;\">***<\/p>\n","protected":false},"excerpt":{"rendered":"<p>The purpose of this privacy policy is to inform users of our site https:\/\/www.vignoblegemeaux.ca\/en\/ about the personal data we collect and how we use it. Vignoble Les G\u00e9meaux complies strictly [&hellip;]<\/p>\n","protected":false},"author":1,"featured_media":0,"parent":0,"menu_order":0,"comment_status":"closed","ping_status":"closed","template":"","meta":{"footnotes":""},"class_list":["post-156838","page","type-page","status-publish","hentry",null],"yoast_head":"<!-- This site is optimized with the Yoast SEO plugin v23.4 - https:\/\/yoast.com\/wordpress\/plugins\/seo\/ -->\n<title>Privacy policy - VIGNOBLE LES G\u00c9MEAUX<\/title>\n<meta name=\"robots\" content=\"index, follow, max-snippet:-1, max-image-preview:large, max-video-preview:-1\" \/>\n<link rel=\"canonical\" href=\"https:\/\/www.vignoblegemeaux.ca\/en\/privacy-policy\/\" \/>\n<meta property=\"og:locale\" content=\"en_US\" \/>\n<meta property=\"og:type\" content=\"article\" \/>\n<meta property=\"og:title\" content=\"Privacy policy - VIGNOBLE LES G\u00c9MEAUX\" \/>\n<meta property=\"og:description\" content=\"The purpose of this privacy policy is to inform users of our site https:\/\/www.vignoblegemeaux.ca\/en\/ about the personal data we collect and how we use it. Vignoble Les G\u00e9meaux complies strictly [&hellip;]\" \/>\n<meta property=\"og:url\" content=\"https:\/\/www.vignoblegemeaux.ca\/en\/privacy-policy\/\" \/>\n<meta property=\"og:site_name\" content=\"VIGNOBLE LES G\u00c9MEAUX\" \/>\n<meta property=\"article:modified_time\" content=\"2024-09-16T21:53:59+00:00\" \/>\n<meta name=\"twitter:card\" content=\"summary_large_image\" \/>\n<meta name=\"twitter:label1\" content=\"Est. reading time\" \/>\n\t<meta name=\"twitter:data1\" content=\"4 minutes\" \/>\n<script type=\"application\/ld+json\" class=\"yoast-schema-graph\">{\"@context\":\"https:\/\/schema.org\",\"@graph\":[{\"@type\":\"WebPage\",\"@id\":\"https:\/\/www.vignoblegemeaux.ca\/en\/privacy-policy\/\",\"url\":\"https:\/\/www.vignoblegemeaux.ca\/en\/privacy-policy\/\",\"name\":\"Privacy policy - VIGNOBLE LES G\u00c9MEAUX\",\"isPartOf\":{\"@id\":\"https:\/\/www.vignoblegemeaux.ca\/en\/#website\"},\"datePublished\":\"2024-09-14T01:39:12+00:00\",\"dateModified\":\"2024-09-16T21:53:59+00:00\",\"breadcrumb\":{\"@id\":\"https:\/\/www.vignoblegemeaux.ca\/en\/privacy-policy\/#breadcrumb\"},\"inLanguage\":\"en-CA\",\"potentialAction\":[{\"@type\":\"ReadAction\",\"target\":[\"https:\/\/www.vignoblegemeaux.ca\/en\/privacy-policy\/\"]}]},{\"@type\":\"BreadcrumbList\",\"@id\":\"https:\/\/www.vignoblegemeaux.ca\/en\/privacy-policy\/#breadcrumb\",\"itemListElement\":[{\"@type\":\"ListItem\",\"position\":1,\"name\":\"Accueil\",\"item\":\"https:\/\/www.vignoblegemeaux.ca\/en\/\"},{\"@type\":\"ListItem\",\"position\":2,\"name\":\"Privacy policy\"}]},{\"@type\":\"WebSite\",\"@id\":\"https:\/\/www.vignoblegemeaux.ca\/en\/#website\",\"url\":\"https:\/\/www.vignoblegemeaux.ca\/en\/\",\"name\":\"VIGNOBLE LES G\u00c9MEAUX\",\"description\":\"Un site utilisant WordPress\",\"potentialAction\":[{\"@type\":\"SearchAction\",\"target\":{\"@type\":\"EntryPoint\",\"urlTemplate\":\"https:\/\/www.vignoblegemeaux.ca\/en\/?s={search_term_string}\"},\"query-input\":{\"@type\":\"PropertyValueSpecification\",\"valueRequired\":true,\"valueName\":\"search_term_string\"}}],\"inLanguage\":\"en-CA\"}]}<\/script>\n<!-- \/ Yoast SEO plugin. -->","yoast_head_json":{"title":"Privacy policy - VIGNOBLE LES G\u00c9MEAUX","robots":{"index":"index","follow":"follow","max-snippet":"max-snippet:-1","max-image-preview":"max-image-preview:large","max-video-preview":"max-video-preview:-1"},"canonical":"https:\/\/www.vignoblegemeaux.ca\/en\/privacy-policy\/","og_locale":"en_US","og_type":"article","og_title":"Privacy policy - VIGNOBLE LES G\u00c9MEAUX","og_description":"The purpose of this privacy policy is to inform users of our site https:\/\/www.vignoblegemeaux.ca\/en\/ about the personal data we collect and how we use it. Vignoble Les G\u00e9meaux complies strictly [&hellip;]","og_url":"https:\/\/www.vignoblegemeaux.ca\/en\/privacy-policy\/","og_site_name":"VIGNOBLE LES G\u00c9MEAUX","article_modified_time":"2024-09-16T21:53:59+00:00","twitter_card":"summary_large_image","twitter_misc":{"Est. reading time":"4 minutes"},"schema":{"@context":"https:\/\/schema.org","@graph":[{"@type":"WebPage","@id":"https:\/\/www.vignoblegemeaux.ca\/en\/privacy-policy\/","url":"https:\/\/www.vignoblegemeaux.ca\/en\/privacy-policy\/","name":"Privacy policy - VIGNOBLE LES G\u00c9MEAUX","isPartOf":{"@id":"https:\/\/www.vignoblegemeaux.ca\/en\/#website"},"datePublished":"2024-09-14T01:39:12+00:00","dateModified":"2024-09-16T21:53:59+00:00","breadcrumb":{"@id":"https:\/\/www.vignoblegemeaux.ca\/en\/privacy-policy\/#breadcrumb"},"inLanguage":"en-CA","potentialAction":[{"@type":"ReadAction","target":["https:\/\/www.vignoblegemeaux.ca\/en\/privacy-policy\/"]}]},{"@type":"BreadcrumbList","@id":"https:\/\/www.vignoblegemeaux.ca\/en\/privacy-policy\/#breadcrumb","itemListElement":[{"@type":"ListItem","position":1,"name":"Accueil","item":"https:\/\/www.vignoblegemeaux.ca\/en\/"},{"@type":"ListItem","position":2,"name":"Privacy policy"}]},{"@type":"WebSite","@id":"https:\/\/www.vignoblegemeaux.ca\/en\/#website","url":"https:\/\/www.vignoblegemeaux.ca\/en\/","name":"VIGNOBLE LES G\u00c9MEAUX","description":"Un site utilisant WordPress","potentialAction":[{"@type":"SearchAction","target":{"@type":"EntryPoint","urlTemplate":"https:\/\/www.vignoblegemeaux.ca\/en\/?s={search_term_string}"},"query-input":{"@type":"PropertyValueSpecification","valueRequired":true,"valueName":"search_term_string"}}],"inLanguage":"en-CA"}]}},"_links":{"self":[{"href":"https:\/\/www.vignoblegemeaux.ca\/en\/wp-json\/wp\/v2\/pages\/156838"}],"collection":[{"href":"https:\/\/www.vignoblegemeaux.ca\/en\/wp-json\/wp\/v2\/pages"}],"about":[{"href":"https:\/\/www.vignoblegemeaux.ca\/en\/wp-json\/wp\/v2\/types\/page"}],"author":[{"embeddable":true,"href":"https:\/\/www.vignoblegemeaux.ca\/en\/wp-json\/wp\/v2\/users\/1"}],"replies":[{"embeddable":true,"href":"https:\/\/www.vignoblegemeaux.ca\/en\/wp-json\/wp\/v2\/comments?post=156838"}],"version-history":[{"count":0,"href":"https:\/\/www.vignoblegemeaux.ca\/en\/wp-json\/wp\/v2\/pages\/156838\/revisions"}],"wp:attachment":[{"href":"https:\/\/www.vignoblegemeaux.ca\/en\/wp-json\/wp\/v2\/media?parent=156838"}],"curies":[{"name":"wp","href":"https:\/\/api.w.org\/{rel}","templated":true}]}}